{"id":338,"date":"2024-02-15T09:27:54","date_gmt":"2024-02-15T06:27:54","guid":{"rendered":"http:\/\/dederestaurant.com\/ozel-davetler\/"},"modified":"2024-02-16T11:53:42","modified_gmt":"2024-02-16T08:53:42","slug":"ozel-davetler","status":"publish","type":"page","link":"https:\/\/dederestaurant.com\/tr\/ozel-davetler\/","title":{"rendered":"\u00d6zel Davetler"},"content":{"rendered":"\t\t<div data-elementor-type=\"wp-page\" data-elementor-id=\"338\" class=\"elementor elementor-338 elementor-217\" data-elementor-post-type=\"page\">\n\t\t\t\t<div class=\"elementor-element elementor-element-f370d48 e-con-full e-flex e-con e-parent\" data-id=\"f370d48\" data-element_type=\"container\" data-e-type=\"container\" data-settings=\"{&quot;background_background&quot;:&quot;classic&quot;}\">\n\t\t\t\t<\/div>\n\t\t<div class=\"elementor-element elementor-element-c91f50a e-flex e-con-boxed e-con e-parent\" data-id=\"c91f50a\" data-element_type=\"container\" data-e-type=\"container\">\n\t\t\t\t\t<div class=\"e-con-inner\">\n\t\t\t\t<div class=\"elementor-element elementor-element-d1c73c9 elementor-widget elementor-widget-heading\" data-id=\"d1c73c9\" data-element_type=\"widget\" data-e-type=\"widget\" data-widget_type=\"heading.default\">\n\t\t\t\t<div class=\"elementor-widget-container\">\n\t\t\t\t\t<h2 class=\"elementor-heading-title elementor-size-default\">\u00d6zel G\u00fcnlerinizi Dede Restaurant'ta G\u00fczelle\u015ftirin<\/h2>\t\t\t\t<\/div>\n\t\t\t\t<\/div>\n\t\t\t\t<div class=\"elementor-element elementor-element-c3cfec0 elementor-widget elementor-widget-text-editor\" data-id=\"c3cfec0\" data-element_type=\"widget\" data-e-type=\"widget\" data-widget_type=\"text-editor.default\">\n\t\t\t\t<div class=\"elementor-widget-container\">\n\t\t\t\t\t\t\t\t\t<p>Dede&#8217;nin yenilenen tasar\u0131mlar\u0131 ile hem \u00f6zel hem de kurumsal etkinliklere \u00f6zel olarak ayr\u0131lm\u0131\u015f salonumuzda se\u00e7kin ve ayr\u0131cal\u0131kl\u0131 bir yemek deneyimi ya\u015fama f\u0131rsat\u0131na sahip oluyorsunuz. Bu salon, 15 ki\u015fi ve \u00fczeri gruplara y\u00f6nelik toplant\u0131 ve kutlamalar\u0131n\u0131z\u0131 Dede&#8217;nin sundu\u011fu m\u00fckemmellik anlay\u0131\u015f\u0131yla deneyimlemenin e\u015fsiz ayr\u0131cal\u0131\u011f\u0131n\u0131 sunuyor.<\/p>\t\t\t\t\t\t\t\t<\/div>\n\t\t\t\t<\/div>\n\t\t\t\t\t<\/div>\n\t\t\t\t<\/div>\n\t\t<div class=\"elementor-element elementor-element-41fdf5b e-con-full e-flex e-con e-parent\" data-id=\"41fdf5b\" data-element_type=\"container\" data-e-type=\"container\">\n\t\t<div class=\"elementor-element elementor-element-10501d2 e-con-full e-flex e-con e-child\" data-id=\"10501d2\" data-element_type=\"container\" data-e-type=\"container\">\n\t\t\t\t<div class=\"elementor-element elementor-element-542766c elementor-widget elementor-widget-image\" data-id=\"542766c\" data-element_type=\"widget\" data-e-type=\"widget\" data-widget_type=\"image.default\">\n\t\t\t\t<div class=\"elementor-widget-container\">\n\t\t\t\t\t\t\t\t\t\t\t\t\t\t\t<img fetchpriority=\"high\" decoding=\"async\" width=\"800\" height=\"800\" src=\"https:\/\/dederestaurant.com\/wp-content\/uploads\/2024\/02\/UGR02755-1024x1024.jpg\" class=\"attachment-large size-large wp-image-314\" alt=\"\" srcset=\"https:\/\/dederestaurant.com\/wp-content\/uploads\/2024\/02\/UGR02755-1024x1024.jpg 1024w, https:\/\/dederestaurant.com\/wp-content\/uploads\/2024\/02\/UGR02755-300x300.jpg 300w, https:\/\/dederestaurant.com\/wp-content\/uploads\/2024\/02\/UGR02755-150x150.jpg 150w, https:\/\/dederestaurant.com\/wp-content\/uploads\/2024\/02\/UGR02755-768x768.jpg 768w, https:\/\/dederestaurant.com\/wp-content\/uploads\/2024\/02\/UGR02755.jpg 1080w\" sizes=\"(max-width: 800px) 100vw, 800px\" \/>\t\t\t\t\t\t\t\t\t\t\t\t\t\t\t<\/div>\n\t\t\t\t<\/div>\n\t\t\t\t<\/div>\n\t\t<div class=\"elementor-element elementor-element-c4b72f2 e-con-full e-flex e-con e-child\" data-id=\"c4b72f2\" data-element_type=\"container\" data-e-type=\"container\">\n\t\t\t\t<div class=\"elementor-element elementor-element-d258613 elementor-widget elementor-widget-image\" data-id=\"d258613\" data-element_type=\"widget\" data-e-type=\"widget\" data-widget_type=\"image.default\">\n\t\t\t\t<div class=\"elementor-widget-container\">\n\t\t\t\t\t\t\t\t\t\t\t\t\t\t\t<img decoding=\"async\" width=\"800\" height=\"800\" src=\"https:\/\/dederestaurant.com\/wp-content\/uploads\/2024\/02\/UGR08447-1024x1024.jpg\" class=\"attachment-large size-large wp-image-316\" alt=\"\" srcset=\"https:\/\/dederestaurant.com\/wp-content\/uploads\/2024\/02\/UGR08447-1024x1024.jpg 1024w, https:\/\/dederestaurant.com\/wp-content\/uploads\/2024\/02\/UGR08447-300x300.jpg 300w, https:\/\/dederestaurant.com\/wp-content\/uploads\/2024\/02\/UGR08447-150x150.jpg 150w, https:\/\/dederestaurant.com\/wp-content\/uploads\/2024\/02\/UGR08447-768x768.jpg 768w, https:\/\/dederestaurant.com\/wp-content\/uploads\/2024\/02\/UGR08447.jpg 1080w\" sizes=\"(max-width: 800px) 100vw, 800px\" \/>\t\t\t\t\t\t\t\t\t\t\t\t\t\t\t<\/div>\n\t\t\t\t<\/div>\n\t\t\t\t<\/div>\n\t\t<div class=\"elementor-element elementor-element-f267c44 e-con-full e-flex e-con e-child\" data-id=\"f267c44\" data-element_type=\"container\" data-e-type=\"container\">\n\t\t\t\t<div class=\"elementor-element elementor-element-d48146b elementor-widget elementor-widget-image\" data-id=\"d48146b\" data-element_type=\"widget\" data-e-type=\"widget\" data-widget_type=\"image.default\">\n\t\t\t\t<div class=\"elementor-widget-container\">\n\t\t\t\t\t\t\t\t\t\t\t\t\t\t\t<img decoding=\"async\" width=\"800\" height=\"800\" src=\"https:\/\/dederestaurant.com\/wp-content\/uploads\/2024\/02\/UGR01717-1024x1024.jpg\" class=\"attachment-large size-large wp-image-318\" alt=\"\" srcset=\"https:\/\/dederestaurant.com\/wp-content\/uploads\/2024\/02\/UGR01717-1024x1024.jpg 1024w, https:\/\/dederestaurant.com\/wp-content\/uploads\/2024\/02\/UGR01717-300x300.jpg 300w, https:\/\/dederestaurant.com\/wp-content\/uploads\/2024\/02\/UGR01717-150x150.jpg 150w, https:\/\/dederestaurant.com\/wp-content\/uploads\/2024\/02\/UGR01717-768x768.jpg 768w, https:\/\/dederestaurant.com\/wp-content\/uploads\/2024\/02\/UGR01717.jpg 1080w\" sizes=\"(max-width: 800px) 100vw, 800px\" \/>\t\t\t\t\t\t\t\t\t\t\t\t\t\t\t<\/div>\n\t\t\t\t<\/div>\n\t\t\t\t<\/div>\n\t\t<div class=\"elementor-element elementor-element-a17af72 e-con-full e-flex e-con e-child\" data-id=\"a17af72\" data-element_type=\"container\" data-e-type=\"container\">\n\t\t\t\t<div class=\"elementor-element elementor-element-1a73b54 elementor-widget elementor-widget-image\" data-id=\"1a73b54\" data-element_type=\"widget\" data-e-type=\"widget\" data-widget_type=\"image.default\">\n\t\t\t\t<div class=\"elementor-widget-container\">\n\t\t\t\t\t\t\t\t\t\t\t\t\t\t\t<img loading=\"lazy\" decoding=\"async\" width=\"800\" height=\"800\" src=\"https:\/\/dederestaurant.com\/wp-content\/uploads\/2024\/02\/ded04-1024x1024.jpg\" class=\"attachment-large size-large wp-image-320\" alt=\"\" srcset=\"https:\/\/dederestaurant.com\/wp-content\/uploads\/2024\/02\/ded04-1024x1024.jpg 1024w, https:\/\/dederestaurant.com\/wp-content\/uploads\/2024\/02\/ded04-300x300.jpg 300w, https:\/\/dederestaurant.com\/wp-content\/uploads\/2024\/02\/ded04-150x150.jpg 150w, https:\/\/dederestaurant.com\/wp-content\/uploads\/2024\/02\/ded04-768x768.jpg 768w, https:\/\/dederestaurant.com\/wp-content\/uploads\/2024\/02\/ded04.jpg 1080w\" sizes=\"(max-width: 800px) 100vw, 800px\" \/>\t\t\t\t\t\t\t\t\t\t\t\t\t\t\t<\/div>\n\t\t\t\t<\/div>\n\t\t\t\t<\/div>\n\t\t\t\t<\/div>\n\t\t\t\t<\/div>\n\t\t","protected":false},"excerpt":{"rendered":"<p>\u00d6zel G\u00fcnlerinizi Dede Restaurant&#8217;ta G\u00fczelle\u015ftirin Dede&#8217;nin yenilenen tasar\u0131mlar\u0131 ile hem \u00f6zel hem de kurumsal etkinliklere \u00f6zel olarak ayr\u0131lm\u0131\u015f salonumuzda se\u00e7kin ve ayr\u0131cal\u0131kl\u0131 bir yemek deneyimi ya\u015fama f\u0131rsat\u0131na sahip oluyorsunuz. Bu salon, 15 ki\u015fi ve \u00fczeri gruplara y\u00f6nelik toplant\u0131 ve kutlamalar\u0131n\u0131z\u0131 Dede&#8217;nin sundu\u011fu m\u00fckemmellik anlay\u0131\u015f\u0131yla deneyimlemenin e\u015fsiz ayr\u0131cal\u0131\u011f\u0131n\u0131 sunuyor.<\/p>\n","protected":false},"author":1,"featured_media":0,"parent":0,"menu_order":0,"comment_status":"closed","ping_status":"closed","template":"","meta":{"footnotes":""},"class_list":["post-338","page","type-page","status-publish","hentry"],"yoast_head":"<!-- This site is optimized with the Yoast SEO plugin v27.4 - https:\/\/yoast.com\/product\/yoast-seo-wordpress\/ -->\n<title>\u00d6zel Davetler - Dede Restaurant<\/title>\n<meta name=\"robots\" content=\"index, follow, max-snippet:-1, max-image-preview:large, max-video-preview:-1\" \/>\n<link rel=\"canonical\" href=\"https:\/\/dederestaurant.com\/tr\/ozel-davetler\/\" \/>\n<meta property=\"og:locale\" content=\"tr_TR\" \/>\n<meta property=\"og:type\" content=\"article\" \/>\n<meta property=\"og:title\" content=\"\u00d6zel Davetler - Dede Restaurant\" \/>\n<meta property=\"og:description\" content=\"\u00d6zel G\u00fcnlerinizi Dede Restaurant&#8217;ta G\u00fczelle\u015ftirin Dede&#8217;nin yenilenen tasar\u0131mlar\u0131 ile hem \u00f6zel hem de kurumsal etkinliklere \u00f6zel olarak ayr\u0131lm\u0131\u015f salonumuzda se\u00e7kin ve ayr\u0131cal\u0131kl\u0131 bir yemek deneyimi ya\u015fama f\u0131rsat\u0131na sahip oluyorsunuz. Bu salon, 15 ki\u015fi ve \u00fczeri gruplara y\u00f6nelik toplant\u0131 ve kutlamalar\u0131n\u0131z\u0131 Dede&#8217;nin sundu\u011fu m\u00fckemmellik anlay\u0131\u015f\u0131yla deneyimlemenin e\u015fsiz ayr\u0131cal\u0131\u011f\u0131n\u0131 sunuyor.\" \/>\n<meta property=\"og:url\" content=\"https:\/\/dederestaurant.com\/tr\/ozel-davetler\/\" \/>\n<meta property=\"og:site_name\" content=\"Dede Restaurant\" \/>\n<meta property=\"article:modified_time\" content=\"2024-02-16T08:53:42+00:00\" \/>\n<meta property=\"og:image\" content=\"http:\/\/dederestaurant.com\/wp-content\/uploads\/2024\/02\/UGR02755-1024x1024.jpg\" \/>\n<meta name=\"twitter:card\" content=\"summary_large_image\" \/>\n<script type=\"application\/ld+json\" class=\"yoast-schema-graph\">{\"@context\":\"https:\\\/\\\/schema.org\",\"@graph\":[{\"@type\":\"WebPage\",\"@id\":\"https:\\\/\\\/dederestaurant.com\\\/tr\\\/ozel-davetler\\\/\",\"url\":\"https:\\\/\\\/dederestaurant.com\\\/tr\\\/ozel-davetler\\\/\",\"name\":\"\u00d6zel Davetler - Dede Restaurant\",\"isPartOf\":{\"@id\":\"https:\\\/\\\/dederestaurant.com\\\/#website\"},\"primaryImageOfPage\":{\"@id\":\"https:\\\/\\\/dederestaurant.com\\\/tr\\\/ozel-davetler\\\/#primaryimage\"},\"image\":{\"@id\":\"https:\\\/\\\/dederestaurant.com\\\/tr\\\/ozel-davetler\\\/#primaryimage\"},\"thumbnailUrl\":\"http:\\\/\\\/dederestaurant.com\\\/wp-content\\\/uploads\\\/2024\\\/02\\\/UGR02755-1024x1024.jpg\",\"datePublished\":\"2024-02-15T06:27:54+00:00\",\"dateModified\":\"2024-02-16T08:53:42+00:00\",\"breadcrumb\":{\"@id\":\"https:\\\/\\\/dederestaurant.com\\\/tr\\\/ozel-davetler\\\/#breadcrumb\"},\"inLanguage\":\"tr\",\"potentialAction\":[{\"@type\":\"ReadAction\",\"target\":[\"https:\\\/\\\/dederestaurant.com\\\/tr\\\/ozel-davetler\\\/\"]}]},{\"@type\":\"ImageObject\",\"inLanguage\":\"tr\",\"@id\":\"https:\\\/\\\/dederestaurant.com\\\/tr\\\/ozel-davetler\\\/#primaryimage\",\"url\":\"http:\\\/\\\/dederestaurant.com\\\/wp-content\\\/uploads\\\/2024\\\/02\\\/UGR02755-1024x1024.jpg\",\"contentUrl\":\"http:\\\/\\\/dederestaurant.com\\\/wp-content\\\/uploads\\\/2024\\\/02\\\/UGR02755-1024x1024.jpg\"},{\"@type\":\"BreadcrumbList\",\"@id\":\"https:\\\/\\\/dederestaurant.com\\\/tr\\\/ozel-davetler\\\/#breadcrumb\",\"itemListElement\":[{\"@type\":\"ListItem\",\"position\":1,\"name\":\"Home\",\"item\":\"https:\\\/\\\/dederestaurant.com\\\/tr\\\/\"},{\"@type\":\"ListItem\",\"position\":2,\"name\":\"\u00d6zel Davetler\"}]},{\"@type\":\"WebSite\",\"@id\":\"https:\\\/\\\/dederestaurant.com\\\/#website\",\"url\":\"https:\\\/\\\/dederestaurant.com\\\/\",\"name\":\"Dede Restaurant\",\"description\":\"Best Fish Restaurant in Marmaris\",\"publisher\":{\"@id\":\"https:\\\/\\\/dederestaurant.com\\\/#organization\"},\"potentialAction\":[{\"@type\":\"SearchAction\",\"target\":{\"@type\":\"EntryPoint\",\"urlTemplate\":\"https:\\\/\\\/dederestaurant.com\\\/?s={search_term_string}\"},\"query-input\":{\"@type\":\"PropertyValueSpecification\",\"valueRequired\":true,\"valueName\":\"search_term_string\"}}],\"inLanguage\":\"tr\"},{\"@type\":\"Organization\",\"@id\":\"https:\\\/\\\/dederestaurant.com\\\/#organization\",\"name\":\"Dede Restaurant\",\"url\":\"https:\\\/\\\/dederestaurant.com\\\/\",\"logo\":{\"@type\":\"ImageObject\",\"inLanguage\":\"tr\",\"@id\":\"https:\\\/\\\/dederestaurant.com\\\/#\\\/schema\\\/logo\\\/image\\\/\",\"url\":\"https:\\\/\\\/dederestaurant.com\\\/wp-content\\\/uploads\\\/2024\\\/01\\\/dede-logo-final.svg\",\"contentUrl\":\"https:\\\/\\\/dederestaurant.com\\\/wp-content\\\/uploads\\\/2024\\\/01\\\/dede-logo-final.svg\",\"width\":119,\"height\":22,\"caption\":\"Dede Restaurant\"},\"image\":{\"@id\":\"https:\\\/\\\/dederestaurant.com\\\/#\\\/schema\\\/logo\\\/image\\\/\"}}]}<\/script>\n<!-- \/ Yoast SEO plugin. -->","yoast_head_json":{"title":"\u00d6zel Davetler - Dede Restaurant","robots":{"index":"index","follow":"follow","max-snippet":"max-snippet:-1","max-image-preview":"max-image-preview:large","max-video-preview":"max-video-preview:-1"},"canonical":"https:\/\/dederestaurant.com\/tr\/ozel-davetler\/","og_locale":"tr_TR","og_type":"article","og_title":"\u00d6zel Davetler - Dede Restaurant","og_description":"\u00d6zel G\u00fcnlerinizi Dede Restaurant&#8217;ta G\u00fczelle\u015ftirin Dede&#8217;nin yenilenen tasar\u0131mlar\u0131 ile hem \u00f6zel hem de kurumsal etkinliklere \u00f6zel olarak ayr\u0131lm\u0131\u015f salonumuzda se\u00e7kin ve ayr\u0131cal\u0131kl\u0131 bir yemek deneyimi ya\u015fama f\u0131rsat\u0131na sahip oluyorsunuz. Bu salon, 15 ki\u015fi ve \u00fczeri gruplara y\u00f6nelik toplant\u0131 ve kutlamalar\u0131n\u0131z\u0131 Dede&#8217;nin sundu\u011fu m\u00fckemmellik anlay\u0131\u015f\u0131yla deneyimlemenin e\u015fsiz ayr\u0131cal\u0131\u011f\u0131n\u0131 sunuyor.","og_url":"https:\/\/dederestaurant.com\/tr\/ozel-davetler\/","og_site_name":"Dede Restaurant","article_modified_time":"2024-02-16T08:53:42+00:00","og_image":[{"url":"http:\/\/dederestaurant.com\/wp-content\/uploads\/2024\/02\/UGR02755-1024x1024.jpg","type":"","width":"","height":""}],"twitter_card":"summary_large_image","schema":{"@context":"https:\/\/schema.org","@graph":[{"@type":"WebPage","@id":"https:\/\/dederestaurant.com\/tr\/ozel-davetler\/","url":"https:\/\/dederestaurant.com\/tr\/ozel-davetler\/","name":"\u00d6zel Davetler - Dede Restaurant","isPartOf":{"@id":"https:\/\/dederestaurant.com\/#website"},"primaryImageOfPage":{"@id":"https:\/\/dederestaurant.com\/tr\/ozel-davetler\/#primaryimage"},"image":{"@id":"https:\/\/dederestaurant.com\/tr\/ozel-davetler\/#primaryimage"},"thumbnailUrl":"http:\/\/dederestaurant.com\/wp-content\/uploads\/2024\/02\/UGR02755-1024x1024.jpg","datePublished":"2024-02-15T06:27:54+00:00","dateModified":"2024-02-16T08:53:42+00:00","breadcrumb":{"@id":"https:\/\/dederestaurant.com\/tr\/ozel-davetler\/#breadcrumb"},"inLanguage":"tr","potentialAction":[{"@type":"ReadAction","target":["https:\/\/dederestaurant.com\/tr\/ozel-davetler\/"]}]},{"@type":"ImageObject","inLanguage":"tr","@id":"https:\/\/dederestaurant.com\/tr\/ozel-davetler\/#primaryimage","url":"http:\/\/dederestaurant.com\/wp-content\/uploads\/2024\/02\/UGR02755-1024x1024.jpg","contentUrl":"http:\/\/dederestaurant.com\/wp-content\/uploads\/2024\/02\/UGR02755-1024x1024.jpg"},{"@type":"BreadcrumbList","@id":"https:\/\/dederestaurant.com\/tr\/ozel-davetler\/#breadcrumb","itemListElement":[{"@type":"ListItem","position":1,"name":"Home","item":"https:\/\/dederestaurant.com\/tr\/"},{"@type":"ListItem","position":2,"name":"\u00d6zel Davetler"}]},{"@type":"WebSite","@id":"https:\/\/dederestaurant.com\/#website","url":"https:\/\/dederestaurant.com\/","name":"Dede Restaurant","description":"Best Fish Restaurant in Marmaris","publisher":{"@id":"https:\/\/dederestaurant.com\/#organization"},"potentialAction":[{"@type":"SearchAction","target":{"@type":"EntryPoint","urlTemplate":"https:\/\/dederestaurant.com\/?s={search_term_string}"},"query-input":{"@type":"PropertyValueSpecification","valueRequired":true,"valueName":"search_term_string"}}],"inLanguage":"tr"},{"@type":"Organization","@id":"https:\/\/dederestaurant.com\/#organization","name":"Dede Restaurant","url":"https:\/\/dederestaurant.com\/","logo":{"@type":"ImageObject","inLanguage":"tr","@id":"https:\/\/dederestaurant.com\/#\/schema\/logo\/image\/","url":"https:\/\/dederestaurant.com\/wp-content\/uploads\/2024\/01\/dede-logo-final.svg","contentUrl":"https:\/\/dederestaurant.com\/wp-content\/uploads\/2024\/01\/dede-logo-final.svg","width":119,"height":22,"caption":"Dede Restaurant"},"image":{"@id":"https:\/\/dederestaurant.com\/#\/schema\/logo\/image\/"}}]}},"_links":{"self":[{"href":"https:\/\/dederestaurant.com\/tr\/wp-json\/wp\/v2\/pages\/338","targetHints":{"allow":["GET"]}}],"collection":[{"href":"https:\/\/dederestaurant.com\/tr\/wp-json\/wp\/v2\/pages"}],"about":[{"href":"https:\/\/dederestaurant.com\/tr\/wp-json\/wp\/v2\/types\/page"}],"author":[{"embeddable":true,"href":"https:\/\/dederestaurant.com\/tr\/wp-json\/wp\/v2\/users\/1"}],"replies":[{"embeddable":true,"href":"https:\/\/dederestaurant.com\/tr\/wp-json\/wp\/v2\/comments?post=338"}],"version-history":[{"count":0,"href":"https:\/\/dederestaurant.com\/tr\/wp-json\/wp\/v2\/pages\/338\/revisions"}],"wp:attachment":[{"href":"https:\/\/dederestaurant.com\/tr\/wp-json\/wp\/v2\/media?parent=338"}],"curies":[{"name":"wp","href":"https:\/\/api.w.org\/{rel}","templated":true}]}}